{"id":33,"date":"2013-01-08T13:55:23","date_gmt":"2013-01-08T13:55:23","guid":{"rendered":"http:\/\/www.marini-studio.com\/wp\/?page_id=33"},"modified":"2019-01-11T14:05:36","modified_gmt":"2019-01-11T14:05:36","slug":"home","status":"publish","type":"page","link":"https:\/\/karmaaspol.sk\/","title":{"rendered":"Home"},"content":{"rendered":"<p style=\"text-align: left;\"><strong>Vitajte na str\u00e1nke firmy Karma a spol.  <\/p>\n<table>\n<tbody>\n<tr>\n<td style=\"vertical-align: top;\">Od vzniku na\u0161ej firmy ubehlo u\u017e vy\u0161e 15 rokov a st\u00e1le na\u0161\u00edm najd\u00f4le\u017eitej\u0161\u00edm heslom je: <b>kvalita spokojnos\u0165 a \u00fastretov\u00fd pr\u00edstup<\/b>. Pon\u00fakame v\u00fdrobky najm\u00e4 z oblasti vybavenia k\u00fape\u013en\u00ed a kuch\u00fd\u0148. Na\u0161a firma \u00fazko spolupracuje z mno\u017estvom zahrani\u010dn\u00fdch v\u00fdrobcov a teda aj pre na\u0161e dlhoro\u010dn\u00e9 obchodn\u00e9 vz\u0165ahy a prosperitu dok\u00e1\u017eeme pon\u00faknu\u0165 na\u0161im z\u00e1kazn\u00edkom ceny bez probl\u00e9mov konkuruj\u00face in\u00fdm obchodn\u00fdm re\u0165azcom p\u00f4sobiacim na Slovensku. N\u00e1\u0161 skladov\u00fd sortiment obsahuje viac ako 5 000 v\u00fdrobkov. Na\u0161a ponuka je ur\u010den\u00e1 nielen pre individu\u00e1lnych klientov, ale aj pre men\u0161ie a stredn\u00e9 firmy p\u00f4sobiace v stavebn\u00edctve a tie\u017e pre ve\u013ekoobchodn\u00fdch odberate\u013eov. Preto ich poz\u00fdvame k vz\u00e1jomnej spolupr\u00e1ci.  <\/p>\n<p align=\"right\">\u013dubom\u00edr Karabino\u0161<\/p>\n","protected":false},"excerpt":{"rendered":"<p>Vitajte na str\u00e1nke firmy Karma a spol. Od vzniku na\u0161ej firmy ubehlo u\u017e vy\u0161e 15 rokov a st\u00e1le na\u0161\u00edm najd\u00f4le\u017eitej\u0161\u00edm heslom je: kvalita spokojnos\u0165 a \u00fastretov\u00fd pr\u00edstup. Pon\u00fakame v\u00fdrobky najm\u00e4 z oblasti vybavenia k\u00fape\u013en\u00ed a kuch\u00fd\u0148. Na\u0161a firma \u00fazko spolupracuje z mno\u017estvom zahrani\u010dn\u00fdch v\u00fdrobcov a teda aj pre na\u0161e dlhoro\u010dn\u00e9<a href=\"https:\/\/karmaaspol.sk\/\" class=\"read-more\">Read More&#8230;<\/a><\/p>\n","protected":false},"author":1,"featured_media":0,"parent":0,"menu_order":0,"comment_status":"open","ping_status":"open","template":"","meta":{"footnotes":""},"class_list":["post-33","page","type-page","status-publish","hentry"],"_links":{"self":[{"href":"https:\/\/karmaaspol.sk\/index.php?rest_route=\/wp\/v2\/pages\/33","targetHints":{"allow":["GET"]}}],"collection":[{"href":"https:\/\/karmaaspol.sk\/index.php?rest_route=\/wp\/v2\/pages"}],"about":[{"href":"https:\/\/karmaaspol.sk\/index.php?rest_route=\/wp\/v2\/types\/page"}],"author":[{"embeddable":true,"href":"https:\/\/karmaaspol.sk\/index.php?rest_route=\/wp\/v2\/users\/1"}],"replies":[{"embeddable":true,"href":"https:\/\/karmaaspol.sk\/index.php?rest_route=%2Fwp%2Fv2%2Fcomments&post=33"}],"version-history":[{"count":1,"href":"https:\/\/karmaaspol.sk\/index.php?rest_route=\/wp\/v2\/pages\/33\/revisions"}],"predecessor-version":[{"id":56694,"href":"https:\/\/karmaaspol.sk\/index.php?rest_route=\/wp\/v2\/pages\/33\/revisions\/56694"}],"wp:attachment":[{"href":"https:\/\/karmaaspol.sk\/index.php?rest_route=%2Fwp%2Fv2%2Fmedia&parent=33"}],"curies":[{"name":"wp","href":"https:\/\/api.w.org\/{rel}","templated":true}]}}