{"id":473,"date":"2014-01-14T16:21:12","date_gmt":"2014-01-14T16:21:12","guid":{"rendered":"http:\/\/vx3432300.maximus.webhostingy.net\/?page_id=473"},"modified":"2017-01-17T02:05:14","modified_gmt":"2017-01-17T02:05:14","slug":"baterie","status":"publish","type":"page","link":"https:\/\/karmaaspol.sk\/?page_id=473","title":{"rendered":"Bat\u00e9rie"},"content":{"rendered":"<p><strong>  -um\u00fdvadlov\u00e9  -kuchynsk\u00e9  -termostatick\u00e9    <\/p>\n<style><!--  div.img { margin: 5px; padding: 5px; height: auto; width: auto; float: left; text-align: center; } div.img img { display: inline; margin: 5px; border: 1px solid #ffffff; } div.img a:hover img {border: 1px solid #0000ff;} div.desc { text-align: center; font-weight: normal; width: 120px; margin: 5px; }  --><\/style>\n<p>&nbsp;  <\/p>\n<div class=\"img\"><a href=\"http:\/\/vx3432300.maximus.webhostingy.net\/wp-content\/uploads\/cennik_samplus.pdf\" target=\"_blank\"><img loading=\"lazy\" decoding=\"async\" alt=\"Klematis\" src=\"http:\/\/vx3432300.maximus.webhostingy.net\/wp-content\/uploads\/samplus.jpg\" width=\"200\" height=\"90\" \/><\/a><\/div>\n<div class=\"img\"><a href=\"http:\/\/vx3432300.maximus.webhostingy.net\/wp-content\/uploads\/novaservis_cennik.pdf\" target=\"_blank\"><img alt=\"Klematis\"><\/a><\/div>\n<div class=\"img\"><a href=\"klematis2_big.htm\" target=\"_blank\"><img loading=\"lazy\" decoding=\"async\" alt=\"Klematis\" src=\"http:\/\/vx3432300.maximus.webhostingy.net\/wp-content\/uploads\/hansa.jpg\" width=\"300\" height=\"120\" \/><\/a><\/div>\n<div class=\"img\"><a href=\"klematis3_big.htm\" target=\"_blank\"><img loading=\"lazy\" decoding=\"async\" alt=\"Klematis\" src=\"http:\/\/vx3432300.maximus.webhostingy.net\/wp-content\/uploads\/sagitarius.jpg\" width=\"190\" height=\"140\" \/><\/a><\/div>\n<p>  &nbsp;<\/p>\n","protected":false},"excerpt":{"rendered":"<p>-um\u00fdvadlov\u00e9 -kuchynsk\u00e9 -termostatick\u00e9 &nbsp; &nbsp;<\/p>\n","protected":false},"author":1,"featured_media":0,"parent":0,"menu_order":0,"comment_status":"open","ping_status":"open","template":"","meta":{"footnotes":""},"class_list":["post-473","page","type-page","status-publish","hentry"],"_links":{"self":[{"href":"https:\/\/karmaaspol.sk\/index.php?rest_route=\/wp\/v2\/pages\/473","targetHints":{"allow":["GET"]}}],"collection":[{"href":"https:\/\/karmaaspol.sk\/index.php?rest_route=\/wp\/v2\/pages"}],"about":[{"href":"https:\/\/karmaaspol.sk\/index.php?rest_route=\/wp\/v2\/types\/page"}],"author":[{"embeddable":true,"href":"https:\/\/karmaaspol.sk\/index.php?rest_route=\/wp\/v2\/users\/1"}],"replies":[{"embeddable":true,"href":"https:\/\/karmaaspol.sk\/index.php?rest_route=%2Fwp%2Fv2%2Fcomments&post=473"}],"version-history":[{"count":0,"href":"https:\/\/karmaaspol.sk\/index.php?rest_route=\/wp\/v2\/pages\/473\/revisions"}],"wp:attachment":[{"href":"https:\/\/karmaaspol.sk\/index.php?rest_route=%2Fwp%2Fv2%2Fmedia&parent=473"}],"curies":[{"name":"wp","href":"https:\/\/api.w.org\/{rel}","templated":true}]}}