{"id":492,"date":"2014-01-22T21:20:51","date_gmt":"2014-01-22T21:20:51","guid":{"rendered":"http:\/\/vx3432300.maximus.webhostingy.net\/?page_id=492"},"modified":"2021-10-06T09:28:57","modified_gmt":"2021-10-06T09:28:57","slug":"servis-2","status":"publish","type":"page","link":"https:\/\/karmaaspol.sk\/?page_id=492","title":{"rendered":"Servis"},"content":{"rendered":"<style><!--  div.img { margin: 5px; padding: 5px; height: auto; width: auto; float: left; text-align: center; } div.img img { display: inline; margin: 5px;  } div.img a:hover img {border: 1px solid #0000ff;} div.desc { text-align: center; font-weight: normal; width: 120px; margin: 40px; }  --><\/style>\n<div class=\"img\"><a href=\"https:\/\/karmaaspol.sk\/wp-content\/uploads\/servis.jpg\"><img loading=\"lazy\" decoding=\"async\" class=\"size-full wp-image-266 alignright\" alt=\"tools\" src=\"https:\/\/karmaaspol.sk\/wp-content\/uploads\/plumber1.png\" width=\"550\" height=\"318\"><\/a><\/div>\n<p>Na\u0161i pracovn\u00edci V\u00e1m ve\u013emi radi vyhovej\u00fa v ot\u00e1zkach na nich kladen\u00fdch. Zaober\u00e1me sa taktie\u017e v\u0155tan\u00edm otvorov pre d\u00e1vkova\u010de a bat\u00e9rie.<\/p>\n","protected":false},"excerpt":{"rendered":"<p>Na\u0161i pracovn\u00edci V\u00e1m ve\u013emi radi vyhovej\u00fa v ot\u00e1zkach na nich kladen\u00fdch. Zaober\u00e1me sa taktie\u017e v\u0155tan\u00edm otvorov pre d\u00e1vkova\u010de a bat\u00e9rie.<\/p>\n","protected":false},"author":1,"featured_media":0,"parent":0,"menu_order":0,"comment_status":"open","ping_status":"open","template":"","meta":{"footnotes":""},"class_list":["post-492","page","type-page","status-publish","hentry"],"_links":{"self":[{"href":"https:\/\/karmaaspol.sk\/index.php?rest_route=\/wp\/v2\/pages\/492","targetHints":{"allow":["GET"]}}],"collection":[{"href":"https:\/\/karmaaspol.sk\/index.php?rest_route=\/wp\/v2\/pages"}],"about":[{"href":"https:\/\/karmaaspol.sk\/index.php?rest_route=\/wp\/v2\/types\/page"}],"author":[{"embeddable":true,"href":"https:\/\/karmaaspol.sk\/index.php?rest_route=\/wp\/v2\/users\/1"}],"replies":[{"embeddable":true,"href":"https:\/\/karmaaspol.sk\/index.php?rest_route=%2Fwp%2Fv2%2Fcomments&post=492"}],"version-history":[{"count":4,"href":"https:\/\/karmaaspol.sk\/index.php?rest_route=\/wp\/v2\/pages\/492\/revisions"}],"predecessor-version":[{"id":56706,"href":"https:\/\/karmaaspol.sk\/index.php?rest_route=\/wp\/v2\/pages\/492\/revisions\/56706"}],"wp:attachment":[{"href":"https:\/\/karmaaspol.sk\/index.php?rest_route=%2Fwp%2Fv2%2Fmedia&parent=492"}],"curies":[{"name":"wp","href":"https:\/\/api.w.org\/{rel}","templated":true}]}}