{"id":542,"date":"2014-01-10T11:13:10","date_gmt":"2014-01-10T11:13:10","guid":{"rendered":"http:\/\/karmaaspol.sk\/?page_id=542"},"modified":"2021-10-06T09:29:57","modified_gmt":"2021-10-06T09:29:57","slug":"sluzby-2","status":"publish","type":"page","link":"https:\/\/karmaaspol.sk\/?page_id=542","title":{"rendered":"Sluzby"},"content":{"rendered":"<p style=\"text-align: center;\"><strong>Na\u0161e slu\u017eby pre V\u00e1s .  <img loading=\"lazy\" decoding=\"async\" class=\"size-full wp-image-296 alignnone\" alt=\"kol\u00e1\u017e\" src=\"https:\/\/karmaaspol.sk\/wp-content\/uploads\/servis.jpg\" width=\"324\" height=\"168\"><\/strong><\/p>\n","protected":false},"excerpt":{"rendered":"<p>Na\u0161e slu\u017eby pre V\u00e1s .<\/p>\n","protected":false},"author":1,"featured_media":0,"parent":0,"menu_order":0,"comment_status":"closed","ping_status":"open","template":"","meta":{"footnotes":""},"class_list":["post-542","page","type-page","status-publish","hentry"],"_links":{"self":[{"href":"https:\/\/karmaaspol.sk\/index.php?rest_route=\/wp\/v2\/pages\/542","targetHints":{"allow":["GET"]}}],"collection":[{"href":"https:\/\/karmaaspol.sk\/index.php?rest_route=\/wp\/v2\/pages"}],"about":[{"href":"https:\/\/karmaaspol.sk\/index.php?rest_route=\/wp\/v2\/types\/page"}],"author":[{"embeddable":true,"href":"https:\/\/karmaaspol.sk\/index.php?rest_route=\/wp\/v2\/users\/1"}],"replies":[{"embeddable":true,"href":"https:\/\/karmaaspol.sk\/index.php?rest_route=%2Fwp%2Fv2%2Fcomments&post=542"}],"version-history":[{"count":4,"href":"https:\/\/karmaaspol.sk\/index.php?rest_route=\/wp\/v2\/pages\/542\/revisions"}],"predecessor-version":[{"id":56708,"href":"https:\/\/karmaaspol.sk\/index.php?rest_route=\/wp\/v2\/pages\/542\/revisions\/56708"}],"wp:attachment":[{"href":"https:\/\/karmaaspol.sk\/index.php?rest_route=%2Fwp%2Fv2%2Fmedia&parent=542"}],"curies":[{"name":"wp","href":"https:\/\/api.w.org\/{rel}","templated":true}]}}